{"id":66,"date":"2020-02-23T21:25:18","date_gmt":"2020-02-23T20:25:18","guid":{"rendered":"http:\/\/www.lacafetierecuivree.com\/?page_id=66"},"modified":"2022-09-07T19:16:18","modified_gmt":"2022-09-07T17:16:18","slug":"coffee-shop","status":"publish","type":"page","link":"https:\/\/www.lacafetierecuivree.com\/coffee-shop\/","title":{"rendered":"Coffee Shop La Cafeti\u00e8re Cuivr\u00e9e"},"content":{"rendered":"\t\t<div data-elementor-type=\"wp-page\" data-elementor-id=\"66\" class=\"elementor elementor-66\">\n\t\t\t\t\t\t<section class=\"elementor-section elementor-top-section elementor-element elementor-element-7fb2492 elementor-section-boxed elementor-section-height-default elementor-section-height-default\" data-id=\"7fb2492\" data-element_type=\"section\" data-e-type=\"section\">\n\t\t\t\t\t\t<div class=\"elementor-container elementor-column-gap-default\">\n\t\t\t\t\t<div class=\"elementor-column elementor-col-100 elementor-top-column elementor-element elementor-element-8f7ea80\" data-id=\"8f7ea80\" data-element_type=\"column\" data-e-type=\"column\">\n\t\t\t<div class=\"elementor-widget-wrap elementor-element-populated\">\n\t\t\t\t\t\t<div class=\"elementor-element elementor-element-65ba5f6 elementor-widget elementor-widget-image\" data-id=\"65ba5f6\" data-element_type=\"widget\" data-e-type=\"widget\" data-widget_type=\"image.default\">\n\t\t\t\t<div class=\"elementor-widget-container\">\n\t\t\t\t\t\t\t\t\t\t\t\t\t\t\t<img data-recalc-dims=\"1\" decoding=\"async\" src=\"https:\/\/i0.wp.com\/www.lacafetierecuivree.com\/wp-content\/uploads\/2021\/04\/20210425_180845-scaled.jpg?ssl=1\" title=\"\" alt=\"\" loading=\"lazy\" \/>\t\t\t\t\t\t\t\t\t\t\t\t\t\t\t<\/div>\n\t\t\t\t<\/div>\n\t\t\t\t<div class=\"elementor-element elementor-element-6228d0e elementor-widget elementor-widget-text-editor\" data-id=\"6228d0e\" data-element_type=\"widget\" data-e-type=\"widget\" data-widget_type=\"text-editor.default\">\n\t\t\t\t<div class=\"elementor-widget-container\">\n\t\t\t\t\t\t\t\t\t<p><span style=\"color: #000000;\">Le Coffee Shop \u00ab\u00a0La Cafeti\u00e8re Cuivr\u00e9e\u00a0\u00bb est situ\u00e9 au 7 avenue Fran\u00e7ois Mitterrand \u00e0 Saint Denis de Pile, \u00e0 5 minutes de Libourne et \u00e0 35 minutes de Bordeaux.<\/span><\/p><ul><li style=\"text-align: left;\"><span style=\"color: #000000;\">Vous pourrez y consommer diff\u00e9rents caf\u00e9s et th\u00e9s accompagn\u00e9s de pr\u00e9parations sucr\u00e9s que nous vous aurons pr\u00e9par\u00e9es<\/span><\/li><li style=\"text-align: left;\"><span style=\"color: #000000; font-style: inherit; font-weight: inherit; font-family: var( --e-global-typography-text-font-family ), Sans-serif; background-color: var(--ast-global-color-5);\">Vous pourrez d\u00e9guster des jus de fruits, des smoothie, des th\u00e9s glac\u00e9s ou diff\u00e9rentes bi\u00e8res locales<\/span><\/li><li style=\"text-align: left;\"><span style=\"color: #000000;\">Vous pourrez d\u00e9couvrir les diff\u00e9rentes mani\u00e8res d&rsquo;extraire votre caf\u00e9 ou de pr\u00e9parer votre th\u00e9<\/span><\/li><li style=\"text-align: left;\"><span style=\"color: #000000;\">Vous pourrez vous d\u00e9tendre sur nos canap\u00e9s pendant que vos enfants s&rsquo;amusent avec diff\u00e9rents jeux mis \u00e0 leur disposition<\/span><\/li><li style=\"text-align: left;\"><span style=\"color: #000000;\">Vous pourrez passer par notre espace boutique pour remmener chez vous caf\u00e9s, th\u00e9s, g\u00e2teaux, miel, machine \u00e0 caf\u00e9 ou tout ce qui vous donnera envie<\/span><\/li><\/ul>\t\t\t\t\t\t\t\t<\/div>\n\t\t\t\t<\/div>\n\t\t\t\t\t<\/div>\n\t\t<\/div>\n\t\t\t\t\t<\/div>\n\t\t<\/section>\n\t\t\t\t<section class=\"elementor-section elementor-top-section elementor-element elementor-element-35ffb99 elementor-section-boxed elementor-section-height-default elementor-section-height-default\" data-id=\"35ffb99\" data-element_type=\"section\" data-e-type=\"section\">\n\t\t\t\t\t\t<div class=\"elementor-container elementor-column-gap-default\">\n\t\t\t\t\t<div class=\"elementor-column elementor-col-100 elementor-top-column elementor-element elementor-element-4cb53bc\" data-id=\"4cb53bc\" data-element_type=\"column\" data-e-type=\"column\">\n\t\t\t<div class=\"elementor-widget-wrap elementor-element-populated\">\n\t\t\t\t\t\t<div class=\"elementor-element elementor-element-4ecda8d elementor-widget elementor-widget-google_maps\" data-id=\"4ecda8d\" data-element_type=\"widget\" data-e-type=\"widget\" data-widget_type=\"google_maps.default\">\n\t\t\t\t<div class=\"elementor-widget-container\">\n\t\t\t\t\t\t\t<div class=\"elementor-custom-embed\">\n\t\t\t<iframe loading=\"lazy\"\n\t\t\t\t\tsrc=\"https:\/\/maps.google.com\/maps?q=7%20avenue%20fran%C3%A7ois%20mitterrand%2033910%20Saint%20Denis%20de%20Pile&#038;t=m&#038;z=14&#038;output=embed&#038;iwloc=near\"\n\t\t\t\t\ttitle=\"7 avenue fran\u00e7ois mitterrand 33910 Saint Denis de Pile\"\n\t\t\t\t\taria-label=\"7 avenue fran\u00e7ois mitterrand 33910 Saint Denis de Pile\"\n\t\t\t><\/iframe>\n\t\t<\/div>\n\t\t\t\t\t\t<\/div>\n\t\t\t\t<\/div>\n\t\t\t\t\t<\/div>\n\t\t<\/div>\n\t\t\t\t\t<\/div>\n\t\t<\/section>\n\t\t\t\t<section class=\"elementor-section elementor-top-section elementor-element elementor-element-4acf4a6 elementor-section-boxed elementor-section-height-default elementor-section-height-default\" data-id=\"4acf4a6\" data-element_type=\"section\" data-e-type=\"section\">\n\t\t\t\t\t\t<div class=\"elementor-container elementor-column-gap-default\">\n\t\t\t\t\t<div class=\"elementor-column elementor-col-50 elementor-top-column elementor-element elementor-element-673623e\" data-id=\"673623e\" data-element_type=\"column\" data-e-type=\"column\">\n\t\t\t<div class=\"elementor-widget-wrap elementor-element-populated\">\n\t\t\t\t\t\t<div class=\"elementor-element elementor-element-3e6b55f elementor-align-center elementor-widget elementor-widget-button\" data-id=\"3e6b55f\" data-element_type=\"widget\" data-e-type=\"widget\" data-widget_type=\"button.default\">\n\t\t\t\t<div class=\"elementor-widget-container\">\n\t\t\t\t\t\t\t\t\t<div class=\"elementor-button-wrapper\">\n\t\t\t\t\t<a class=\"elementor-button elementor-button-link elementor-size-sm\" href=\"https:\/\/www.lacafetierecuivree.com\/index.php\/les-travaux\/\">\n\t\t\t\t\t\t<span class=\"elementor-button-content-wrapper\">\n\t\t\t\t\t\t\t\t\t<span class=\"elementor-button-text\">Naissance du Coffee Shop \u00e0 Saint Denis de Pile<\/span>\n\t\t\t\t\t<\/span>\n\t\t\t\t\t<\/a>\n\t\t\t\t<\/div>\n\t\t\t\t\t\t\t\t<\/div>\n\t\t\t\t<\/div>\n\t\t\t\t\t<\/div>\n\t\t<\/div>\n\t\t\t\t<div class=\"elementor-column elementor-col-50 elementor-top-column elementor-element elementor-element-a7dfb51\" data-id=\"a7dfb51\" data-element_type=\"column\" data-e-type=\"column\">\n\t\t\t<div class=\"elementor-widget-wrap elementor-element-populated\">\n\t\t\t\t\t\t<div class=\"elementor-element elementor-element-8a3e932 elementor-align-center elementor-widget elementor-widget-button\" data-id=\"8a3e932\" data-element_type=\"widget\" data-e-type=\"widget\" data-widget_type=\"button.default\">\n\t\t\t\t<div class=\"elementor-widget-container\">\n\t\t\t\t\t\t\t\t\t<div class=\"elementor-button-wrapper\">\n\t\t\t\t\t<a class=\"elementor-button elementor-button-link elementor-size-sm\" href=\"https:\/\/www.lacafetierecuivree.com\/index.php\/snacking\/\">\n\t\t\t\t\t\t<span class=\"elementor-button-content-wrapper\">\n\t\t\t\t\t\t\t\t\t<span class=\"elementor-button-text\">Quelques exemples de nos pr\u00e9parations<\/span>\n\t\t\t\t\t<\/span>\n\t\t\t\t\t<\/a>\n\t\t\t\t<\/div>\n\t\t\t\t\t\t\t\t<\/div>\n\t\t\t\t<\/div>\n\t\t\t\t\t<\/div>\n\t\t<\/div>\n\t\t\t\t\t<\/div>\n\t\t<\/section>\n\t\t\t\t<section class=\"elementor-section elementor-top-section elementor-element elementor-element-bee8d47 elementor-section-boxed elementor-section-height-default elementor-section-height-default\" data-id=\"bee8d47\" data-element_type=\"section\" data-e-type=\"section\">\n\t\t\t\t\t\t<div class=\"elementor-container elementor-column-gap-default\">\n\t\t\t\t\t<div class=\"elementor-column elementor-col-100 elementor-top-column elementor-element elementor-element-ddd97f9\" data-id=\"ddd97f9\" data-element_type=\"column\" data-e-type=\"column\">\n\t\t\t<div class=\"elementor-widget-wrap\">\n\t\t\t\t\t\t\t<\/div>\n\t\t<\/div>\n\t\t\t\t\t<\/div>\n\t\t<\/section>\n\t\t\t\t<\/div>\n\t\t","protected":false},"excerpt":{"rendered":"<p>Le Coffee Shop \u00ab\u00a0La Cafeti\u00e8re Cuivr\u00e9e\u00a0\u00bb est situ\u00e9 au 7 avenue Fran\u00e7ois Mitterrand \u00e0 Saint Denis de Pile, \u00e0 5 minutes de Libourne et \u00e0 35 minutes de Bordeaux. Vous pourrez y consommer diff\u00e9rents caf\u00e9s et th\u00e9s accompagn\u00e9s de pr\u00e9parations sucr\u00e9s que nous vous aurons pr\u00e9par\u00e9es Vous pourrez d\u00e9guster des jus de fruits, des smoothie, [&hellip;]<\/p>\n","protected":false},"author":1,"featured_media":0,"parent":0,"menu_order":0,"comment_status":"closed","ping_status":"closed","template":"","meta":{"_uag_custom_page_level_css":"","site-sidebar-layout":"default","site-content-layout":"","ast-site-content-layout":"default","site-content-style":"default","site-sidebar-style":"default","ast-global-header-display":"","ast-banner-title-visibility":"","ast-main-header-display":"","ast-hfb-above-header-display":"","ast-hfb-below-header-display":"","ast-hfb-mobile-header-display":"","site-post-title":"","ast-breadcrumbs-content":"","ast-featured-img":"","footer-sml-layout":"","ast-disable-related-posts":"","theme-transparent-header-meta":"","adv-header-id-meta":"","stick-header-meta":"","header-above-stick-meta":"","header-main-stick-meta":"","header-below-stick-meta":"","astra-migrate-meta-layouts":"default","ast-page-background-enabled":"default","ast-page-background-meta":{"desktop":{"background-color":"var(--ast-global-color-4)","background-image":"","background-repeat":"repeat","background-position":"center center","background-size":"auto","background-attachment":"scroll","background-type":"","background-media":"","overlay-type":"","overlay-color":"","overlay-opacity":"","overlay-gradient":""},"tablet":{"background-color":"","background-image":"","background-repeat":"repeat","background-position":"center center","background-size":"auto","background-attachment":"scroll","background-type":"","background-media":"","overlay-type":"","overlay-color":"","overlay-opacity":"","overlay-gradient":""},"mobile":{"background-color":"","background-image":"","background-repeat":"repeat","background-position":"center center","background-size":"auto","background-attachment":"scroll","background-type":"","background-media":"","overlay-type":"","overlay-color":"","overlay-opacity":"","overlay-gradient":""}},"ast-content-background-meta":{"desktop":{"background-color":"var(--ast-global-color-5)","background-image":"","background-repeat":"repeat","background-position":"center center","background-size":"auto","background-attachment":"scroll","background-type":"","background-media":"","overlay-type":"","overlay-color":"","overlay-opacity":"","overlay-gradient":""},"tablet":{"background-color":"var(--ast-global-color-5)","background-image":"","background-repeat":"repeat","background-position":"center center","background-size":"auto","background-attachment":"scroll","background-type":"","background-media":"","overlay-type":"","overlay-color":"","overlay-opacity":"","overlay-gradient":""},"mobile":{"background-color":"var(--ast-global-color-5)","background-image":"","background-repeat":"repeat","background-position":"center center","background-size":"auto","background-attachment":"scroll","background-type":"","background-media":"","overlay-type":"","overlay-color":"","overlay-opacity":"","overlay-gradient":""}},"footnotes":""},"class_list":["post-66","page","type-page","status-publish","hentry"],"uagb_featured_image_src":{"full":false,"thumbnail":false,"medium":false,"medium_large":false,"large":false,"1536x1536":false,"2048x2048":false,"mailpoet_newsletter_max":false,"woocommerce_thumbnail":false,"woocommerce_single":false,"woocommerce_gallery_thumbnail":false},"uagb_author_info":{"display_name":"La Cafeti\u00e8re Cuivr\u00e9e","author_link":"https:\/\/www.lacafetierecuivree.com\/author\/lacafetiajwp\/"},"uagb_comment_info":0,"uagb_excerpt":"Le Coffee Shop \u00ab\u00a0La Cafeti\u00e8re Cuivr\u00e9e\u00a0\u00bb est situ\u00e9 au 7 avenue Fran\u00e7ois Mitterrand \u00e0 Saint Denis de Pile, \u00e0 5 minutes de Libourne et \u00e0 35 minutes de Bordeaux. Vous pourrez y consommer diff\u00e9rents caf\u00e9s et th\u00e9s accompagn\u00e9s de pr\u00e9parations sucr\u00e9s que nous vous aurons pr\u00e9par\u00e9es Vous pourrez d\u00e9guster des jus de fruits, des smoothie,\u2026","_links":{"self":[{"href":"https:\/\/www.lacafetierecuivree.com\/wp-json\/wp\/v2\/pages\/66","targetHints":{"allow":["GET"]}}],"collection":[{"href":"https:\/\/www.lacafetierecuivree.com\/wp-json\/wp\/v2\/pages"}],"about":[{"href":"https:\/\/www.lacafetierecuivree.com\/wp-json\/wp\/v2\/types\/page"}],"author":[{"embeddable":true,"href":"https:\/\/www.lacafetierecuivree.com\/wp-json\/wp\/v2\/users\/1"}],"replies":[{"embeddable":true,"href":"https:\/\/www.lacafetierecuivree.com\/wp-json\/wp\/v2\/comments?post=66"}],"version-history":[{"count":37,"href":"https:\/\/www.lacafetierecuivree.com\/wp-json\/wp\/v2\/pages\/66\/revisions"}],"predecessor-version":[{"id":4065,"href":"https:\/\/www.lacafetierecuivree.com\/wp-json\/wp\/v2\/pages\/66\/revisions\/4065"}],"wp:attachment":[{"href":"https:\/\/www.lacafetierecuivree.com\/wp-json\/wp\/v2\/media?parent=66"}],"curies":[{"name":"wp","href":"https:\/\/api.w.org\/{rel}","templated":true}]}}